{"id":1318,"date":"2021-11-21T15:12:46","date_gmt":"2021-11-21T15:12:46","guid":{"rendered":"https:\/\/caddeemlak.org.tr\/index.php\/home\/"},"modified":"2023-07-11T12:41:05","modified_gmt":"2023-07-11T12:41:05","slug":"home","status":"publish","type":"page","link":"https:\/\/caddeemlak.org.tr\/","title":{"rendered":"Home"},"content":{"rendered":"<style>\/*! elementor - v3.14.0 - 26-06-2023 *\/<br \/>\n.elementor-heading-title{padding:0;margin:0;line-height:1}.elementor-widget-heading .elementor-heading-title[class*=elementor-size-]>a{color:inherit;font-size:inherit;line-height:inherit}.elementor-widget-heading .elementor-heading-title.elementor-size-small{font-size:15px}.elementor-widget-heading .elementor-heading-title.elementor-size-medium{font-size:19px}.elementor-widget-heading .elementor-heading-title.elementor-size-large{font-size:29px}.elementor-widget-heading .elementor-heading-title.elementor-size-xl{font-size:39px}.elementor-widget-heading .elementor-heading-title.elementor-size-xxl{font-size:59px}<\/style>\n<h1>Hayalinizde ki evi sizin i\u00e7in<\/h1>\n<h1>buluyoruz<\/h1>\n<p>Resmi web sitemize hogeldiniz !<\/p>\n<p><a href=\"tel:+905070744001\"><br \/>\n\u0130leti\u015fim<br \/>\n<\/a><\/p>\n<style>\/*! elementor - v3.14.0 - 26-06-2023 *\/<br \/>\n.elementor-column .elementor-spacer-inner{height:var(--spacer-size)}.e-con{--container-widget-width:100%}.e-con-inner>.elementor-widget-spacer,.e-con>.elementor-widget-spacer{width:var(--container-widget-width,var(--spacer-size));--align-self:var(--container-widget-align-self,initial);--flex-shrink:0}.e-con-inner>.elementor-widget-spacer>.elementor-widget-container,.e-con-inner>.elementor-widget-spacer>.elementor-widget-container>.elementor-spacer,.e-con>.elementor-widget-spacer>.elementor-widget-container,.e-con>.elementor-widget-spacer>.elementor-widget-container>.elementor-spacer{height:100%}.e-con-inner>.elementor-widget-spacer>.elementor-widget-container>.elementor-spacer>.elementor-spacer-inner,.e-con>.elementor-widget-spacer>.elementor-widget-container>.elementor-spacer>.elementor-spacer-inner{height:var(--container-widget-height,var(--spacer-size))}<\/style>\n<h2>\u00b7 \u00d6zelliklerimiz \u00b7<\/h2>\n<style>\/*! elementor - v3.14.0 - 26-06-2023 *\/<br \/>\n.elementor-widget-image{text-align:center}.elementor-widget-image a{display:inline-block}.elementor-widget-image a img[src$=\".svg\"]{width:48px}.elementor-widget-image img{vertical-align:middle;display:inline-block}<\/style>\n<p><img loading=\"lazy\" decoding=\"async\" src=\"https:\/\/caddeemlak.org.tr\/wp-content\/uploads\/2023\/06\/pexels-curtis-adams-3288100-1.jpg\" sizes=\"(max-width: 640px) 100vw, 640px\" srcset=\"https:\/\/caddeemlak.org.tr\/wp-content\/uploads\/2023\/06\/pexels-curtis-adams-3288100-1.jpg 640w, https:\/\/caddeemlak.org.tr\/wp-content\/uploads\/2023\/06\/pexels-curtis-adams-3288100-1-300x200.jpg 300w\" alt=\"\" width=\"640\" height=\"427\" \/><\/p>\n<h2>Siz Ve Aileniz \u0130\u00e7in<br \/>\nYeterli Say\u0131da Oda<\/h2>\n<p>Size ve ailenize yeterli say\u0131da oda sunan konforlu bir ev mi ar\u0131yorsunuz? Bizimle ke\u015ffedin! Geni\u015f ve ferah tasar\u0131mlara sahip evlerimizde, her \u00fcyenin ihtiya\u00e7lar\u0131n\u0131 kar\u015f\u0131layacak ideal bir alan bulabilirsiniz. \u00c7ocuklar\u0131n\u0131z\u0131n odalar\u0131 i\u00e7in \u00f6zel bir alan, dinlenmek ve \u00e7al\u0131\u015fmak i\u00e7in rahat bir oda veya misafirleriniz i\u00e7in konuk odas\u0131&#8230; Se\u00e7enekler s\u0131n\u0131rs\u0131z! Siz ve aileniz i\u00e7in en uygun evi bulmak i\u00e7in hemen bizimle ileti\u015fime ge\u00e7in<\/p>\n<p><a href=\"tel:+905070744001\"><br \/>\n\u0130leti\u015fim<br \/>\n<\/a><\/p>\n<h2>Ferah Manzara<br \/>\nY\u00fcksek Konfor<\/h2>\n<p>Y\u00fcksek konforlu ya\u015fam\u0131n keyfini ferah bir manzara e\u015fli\u011finde \u00e7\u0131kar\u0131n! Bizimle tan\u0131\u015f\u0131n ve hayallerinizdeki evde ya\u015faman\u0131n ayr\u0131cal\u0131\u011f\u0131n\u0131 ya\u015fay\u0131n. Ferah manzaral\u0131 evlerimiz, sizi \u015fehrin karma\u015fas\u0131ndan uzakla\u015ft\u0131rarak huzurlu bir ya\u015fam sunuyor. Geni\u015f pencerelerden do\u011fan g\u00fcn \u0131\u015f\u0131\u011f\u0131 ve muhte\u015fem manzaralar, evinizdeki konforu bir ad\u0131m ileri ta\u015f\u0131yor. Modern ve l\u00fcks tasar\u0131mlar\u0131m\u0131z, y\u00fcksek kaliteli ve estetik bir deneyim sunuyor.<\/p>\n<p><a href=\"tel:+905070744001\"><br \/>\n\u0130leti\u015fim<br \/>\n<\/a><br \/>\n<img loading=\"lazy\" decoding=\"async\" src=\"https:\/\/caddeemlak.org.tr\/wp-content\/uploads\/2023\/06\/pexels-curtis-adams-4933155-1.png\" sizes=\"(max-width: 640px) 100vw, 640px\" srcset=\"https:\/\/caddeemlak.org.tr\/wp-content\/uploads\/2023\/06\/pexels-curtis-adams-4933155-1.png 640w, https:\/\/caddeemlak.org.tr\/wp-content\/uploads\/2023\/06\/pexels-curtis-adams-4933155-1-300x200.png 300w\" alt=\"\" width=\"640\" height=\"427\" \/><\/p>\n<h3>Sizler \u0130\u00e7in En Uygun Evi Bulmak<br \/>\n\u0130\u00e7in Buraday\u0131z<\/h3>\n<p>&#8220;Sizler i\u00e7in en uygun evi bulmak i\u00e7in buraday\u0131z! \u0130deal evinizi ar\u0131yorsan\u0131z, do\u011fru adrestesiniz. Geni\u015f bir portf\u00f6y\u00fcm\u00fcz ve deneyimli ekibimizle, hayallerinizi s\u00fcsleyen evi bulman\u0131za yard\u0131mc\u0131 olmak i\u00e7in buraday\u0131z. Konum, b\u00fcy\u00fckl\u00fck, konfor veya b\u00fct\u00e7e ne olursa olsun, ihtiya\u00e7lar\u0131n\u0131za uygun bir evi sizin i\u00e7in se\u00e7iyoruz. Sizin memnuniyetiniz ve rahat\u0131n\u0131z \u00f6nceli\u011fimizdir. Hayal etti\u011finiz ya\u015fam alan\u0131n\u0131 ke\u015ffetmek i\u00e7in hemen bize ula\u015f\u0131n ve en uygun evi bulman\u0131n heyecan\u0131n\u0131 ya\u015fay\u0131n!&#8221;<\/p>\n<p>Duis aute irure dolor in<\/p>\n<p><a href=\"tel:+905070744001\"><br \/>\nHemen Aray\u0131n<br \/>\n<\/a><\/p>\n<h3>\u00b7 Neden Bizi Se\u00e7melisiniz ? \u00b7<\/h3>\n<h3>&#8220;&gt;&#8221;&gt;Deprem Y\u00f6netmeli\u011fine Uygun Emniyetli Emlak Konutlar\u0131<\/h3>\n<p>Deprem Y\u00f6netmeli\u011fine uygun emniyetli emlak konutlar\u0131, g\u00fcvenli bir ya\u015fam i\u00e7in en \u00f6nemli fakt\u00f6rlerden biridir.<\/p>\n<h3>L\u00fcks Kalite Ve<br \/>\n&#8220;&gt;Konfor<\/h3>\n<p>L\u00fcks kalite ve konforu bir arada sunan gayrimenkul\u00fcm\u00fcz, ya\u015fam\u0131n\u0131za ayr\u0131cal\u0131k katacak. \u00f6zenle in\u015fa edilmi\u015f l\u00fcks\u00fcn keyfini \u00e7\u0131karabilirsiniz.<\/p>\n<h3>Hayalinizdeki Konutu<br \/>\n&#8220;&gt;Edinmenizi Sa\u011flayal\u0131m<\/h3>\n<p>,Geni\u015f bir portf\u00f6y\u00fcm\u00fcz ve uzman ekibimizle, beklentilerinizi kar\u015f\u0131layacak bir konuta sahip olman\u0131z\u0131 sa\u011fl\u0131yoruz.<\/p>\n<h3>\u00b7 Galerimiz \u00b7<\/h3>\n<style>\/*! elementor - v3.14.0 - 26-06-2023 *\/<br \/>\n.elementor-widget-image-carousel .swiper,.elementor-widget-image-carousel .swiper-container{position:static}.elementor-widget-image-carousel .swiper-container .swiper-slide figure,.elementor-widget-image-carousel .swiper .swiper-slide figure{line-height:inherit}.elementor-widget-image-carousel .swiper-slide{text-align:center}.elementor-image-carousel-wrapper:not(.swiper-container-initialized):not(.swiper-initialized) .swiper-slide{max-width:calc(100% \/ var(--e-image-carousel-slides-to-show, 3))}<\/style>\n<figure><img decoding=\"async\" src=\"https:\/\/caddeemlak.org.tr\/wp-content\/uploads\/2023\/06\/pexels-photomix-company-565324-1.png\" alt=\"pexels-photomix-company-565324 1\" \/><\/figure>\n<figure><img decoding=\"async\" src=\"https:\/\/caddeemlak.org.tr\/wp-content\/uploads\/2023\/06\/pexels-vecislavas-popa-1571460-1.png\" alt=\"pexels-vecislavas-stern-1571460 1\" \/><\/figure>\n<figure><img decoding=\"async\" src=\"https:\/\/caddeemlak.org.tr\/wp-content\/uploads\/2023\/06\/pexels-sevenstorm-juhaszimrus-439391-1.png\" alt=\"pexels-sevenstorm-juhaszimrus-439391 1\" \/><\/figure>\n<h3>&#8220;&gt;&#8221;&gt;Hayalinizdeki Eve Ula\u015fmak \u0130\u00e7in<br \/>\nHemen Aray\u0131n<\/h3>\n<p>Hayalinizdeki eve ula\u015fmak i\u00e7in hemen aray\u0131n! Sizlere istedi\u011finiz konforu ve stilinizi yans\u0131tan bir ev sunmak i\u00e7in buraday\u0131z. Geni\u015f bir se\u00e7enek yelpazesi ve uzman ekibimizle, beklentilerinizi kar\u015f\u0131layacak ideal konuta sahip olman\u0131z\u0131 sa\u011fl\u0131yoruz. Aram\u0131zda sizin i\u00e7in m\u00fckemmel evi bulmak i\u00e7in bir ad\u0131m at\u0131n ve hayallerinizi ger\u00e7e\u011fe d\u00f6n\u00fc\u015ft\u00fcrmek i\u00e7in hemen bizimle ileti\u015fime ge\u00e7in. Size hizmet etmek ve sizinle birlikte bu yolculu\u011fa \u00e7\u0131kmak i\u00e7in sab\u0131rs\u0131zlan\u0131yoruz!<\/p>\n<p><a href=\"tel:+905070744001\"><br \/>\nHemen Aray\u0131n<br \/>\n<\/a><\/p>\n<h3>\u00b7 \u0130leti\u015fim Bilgileri \u00b7<\/h3>\n<ul>\n<li><a href=\"tel:+905070744001\"><br \/>\nTelefon Numaras\u0131 : +90(507) 074 4001<br \/>\n<\/a><\/li>\n<li><a href=\"mailto:info@caddeemlak.org.tr\"><br \/>\n<span style=\"vertical-align: inherit;\"><span style=\"vertical-align: inherit;\">Mail : info@caddeemlak.org.tr<\/span><\/span><br \/>\n<\/a><\/li>\n<li><a href=\"https:\/\/goo.gl\/maps\/WoMVJctzAqZEd9ng7\"><br \/>\nAdress : Maltepe Mh, B\u00fclent Ecevit Cd. No:25, 35700 Bergama\/\u0130zmir<br \/>\n<\/a><\/li>\n<\/ul>\n<style>\/*! elementor - v3.14.0 - 26-06-2023 *\/<br \/>\n.elementor-widget-google_maps .elementor-widget-container{overflow:hidden}.elementor-widget-google_maps .elementor-custom-embed{line-height:0}.elementor-widget-google_maps iframe{height:300px}<\/style>\n<p><iframe title=\"My oto kiralama bergama\" src=\"https:\/\/maps.google.com\/maps?q=My%20oto%20kiralama%20bergama&amp;t=m&amp;z=18&amp;output=embed&amp;iwloc=near\" aria-label=\"My oto kiralama bergama\"><\/iframe><\/p>\n","protected":false},"excerpt":{"rendered":"<p>Hayalinizde ki evi sizin i\u00e7in buluyoruz Resmi web sitemize hogeldiniz ! \u0130leti\u015fim \u00b7 \u00d6zelliklerimiz \u00b7 Siz Ve Aileniz \u0130\u00e7in Yeterli Say\u0131da Oda Size ve ailenize yeterli say\u0131da oda sunan konforlu bir ev mi ar\u0131yorsunuz? Bizimle ke\u015ffedin! Geni\u015f ve ferah tasar\u0131mlara sahip evlerimizde, her \u00fcyenin ihtiya\u00e7lar\u0131n\u0131 kar\u015f\u0131layacak ideal bir alan bulabilirsiniz. \u00c7ocuklar\u0131n\u0131z\u0131n odalar\u0131 i\u00e7in \u00f6zel bir &hellip;<\/p>\n<p class=\"read-more\"> <a class=\"\" href=\"https:\/\/caddeemlak.org.tr\/\"> <span class=\"screen-reader-text\">Home<\/span> Devam\u0131 &raquo;<\/a><\/p>\n","protected":false},"author":1,"featured_media":0,"parent":0,"menu_order":0,"comment_status":"closed","ping_status":"open","template":"","meta":{"site-sidebar-layout":"no-sidebar","site-content-layout":"page-builder","ast-global-header-display":"","ast-banner-title-visibility":"","ast-main-header-display":"","ast-hfb-above-header-display":"","ast-hfb-below-header-display":"","ast-hfb-mobile-header-display":"","site-post-title":"disabled","ast-breadcrumbs-content":"","ast-featured-img":"disabled","footer-sml-layout":"","theme-transparent-header-meta":"enabled","adv-header-id-meta":"","stick-header-meta":"","header-above-stick-meta":"","header-main-stick-meta":"","header-below-stick-meta":"","footnotes":""},"class_list":["post-1318","page","type-page","status-publish","hentry"],"_links":{"self":[{"href":"https:\/\/caddeemlak.org.tr\/index.php\/wp-json\/wp\/v2\/pages\/1318"}],"collection":[{"href":"https:\/\/caddeemlak.org.tr\/index.php\/wp-json\/wp\/v2\/pages"}],"about":[{"href":"https:\/\/caddeemlak.org.tr\/index.php\/wp-json\/wp\/v2\/types\/page"}],"author":[{"embeddable":true,"href":"https:\/\/caddeemlak.org.tr\/index.php\/wp-json\/wp\/v2\/users\/1"}],"replies":[{"embeddable":true,"href":"https:\/\/caddeemlak.org.tr\/index.php\/wp-json\/wp\/v2\/comments?post=1318"}],"version-history":[{"count":24,"href":"https:\/\/caddeemlak.org.tr\/index.php\/wp-json\/wp\/v2\/pages\/1318\/revisions"}],"predecessor-version":[{"id":1391,"href":"https:\/\/caddeemlak.org.tr\/index.php\/wp-json\/wp\/v2\/pages\/1318\/revisions\/1391"}],"wp:attachment":[{"href":"https:\/\/caddeemlak.org.tr\/index.php\/wp-json\/wp\/v2\/media?parent=1318"}],"curies":[{"name":"wp","href":"https:\/\/api.w.org\/{rel}","templated":true}]}}